{"id":63,"date":"2013-12-01T05:01:15","date_gmt":"2013-12-01T05:01:15","guid":{"rendered":"http:\/\/bakhroom.ru\/drkirbas\/?page_id=63"},"modified":"2014-01-19T22:00:53","modified_gmt":"2014-01-19T22:00:53","slug":"istanbul-gercegi","status":"publish","type":"page","link":"https:\/\/drkirbas.com\/?page_id=63","title":{"rendered":"\u0130STANBUL GER\u00c7E\u011e\u0130"},"content":{"rendered":"<p><strong>\u0130STANBUL GER\u00c7E\u011e\u0130<\/strong><\/p>\n<p><a href=\"http:\/\/www.istanbulgercegi.com\/buyuklere-masallar-38195142.html\">B\u00fcy\u00fcklere Masallar<\/a><\/p>\n<p><a href=\"http:\/\/www.istanbulgercegi.com\/acil-demokrasi-23728406.html\">Acil Demokrasi<\/a><\/p>\n<p><a href=\"http:\/\/www.istanbulgercegi.com\/taksim-2306424.html\">Taksim<\/a><\/p>\n<p><a href=\"http:\/\/www.istanbulgercegi.com\/demokratiklesme-51003808.html\">Demokratikle\u015fme<\/a><\/p>\n<p><a href=\"http:\/\/www.istanbulgercegi.com\/kurt-meselesi-uzerine-61810825.html\">K\u00fcrt Meselesi \u00fczerine<\/a><\/p>\n<p><a href=\"http:\/\/www.istanbulgercegi.com\/kuvvetler-ayriligi-68499516.html\">Kuvvetler Ayr\u0131l\u0131\u011f\u0131<\/a><\/p>\n<p><a href=\"http:\/\/www.istanbulgercegi.com\/yine-merkez-sol-uzerine-41616926.html\">Yine merkez sol \u00fczerine<\/a><\/p>\n<p><a href=\"http:\/\/www.istanbulgercegi.com\/merkez-sol-84537815.html\">Merkez Sol<\/a><\/p>\n<p><a href=\"http:\/\/www.istanbulgercegi.com\/merkez-sag-36306925.html\">Merkez Sa\u011f <\/a><\/p>\n<p><a href=\"http:\/\/www.istanbulgercegi.com\/yurtta-sulh-96724347.html\">Yurtta Sulh<\/a><\/p>\n<p><a href=\"http:\/\/www.istanbulgercegi.com\/-yurtta-sulh-cihanda-sulh-85571218.html\">&#8221;Yurtta Sulh, Cihanda Sulh&#8221;<\/a><\/p>\n","protected":false},"excerpt":{"rendered":"<p>\u0130STANBUL GER\u00c7E\u011e\u0130 B\u00fcy\u00fcklere Masallar Acil Demokrasi Taksim Demokratikle\u015fme K\u00fcrt Meselesi \u00fczerine Kuvvetler Ayr\u0131l\u0131\u011f\u0131 Yine merkez sol \u00fczerine Merkez Sol Merkez Sa\u011f Yurtta Sulh &#8221;Yurtta Sulh, Cihanda Sulh&#8221;<\/p>\n","protected":false},"author":1,"featured_media":0,"parent":0,"menu_order":0,"comment_status":"closed","ping_status":"closed","template":"page-templates\/full-width.php","meta":[],"_links":{"self":[{"href":"https:\/\/drkirbas.com\/index.php?rest_route=\/wp\/v2\/pages\/63"}],"collection":[{"href":"https:\/\/drkirbas.com\/index.php?rest_route=\/wp\/v2\/pages"}],"about":[{"href":"https:\/\/drkirbas.com\/index.php?rest_route=\/wp\/v2\/types\/page"}],"author":[{"embeddable":true,"href":"https:\/\/drkirbas.com\/index.php?rest_route=\/wp\/v2\/users\/1"}],"replies":[{"embeddable":true,"href":"https:\/\/drkirbas.com\/index.php?rest_route=%2Fwp%2Fv2%2Fcomments&post=63"}],"version-history":[{"count":1,"href":"https:\/\/drkirbas.com\/index.php?rest_route=\/wp\/v2\/pages\/63\/revisions"}],"predecessor-version":[{"id":94,"href":"https:\/\/drkirbas.com\/index.php?rest_route=\/wp\/v2\/pages\/63\/revisions\/94"}],"wp:attachment":[{"href":"https:\/\/drkirbas.com\/index.php?rest_route=%2Fwp%2Fv2%2Fmedia&parent=63"}],"curies":[{"name":"wp","href":"https:\/\/api.w.org\/{rel}","templated":true}]}}