{"id":69,"date":"2013-12-01T05:12:46","date_gmt":"2013-12-01T05:12:46","guid":{"rendered":"http:\/\/bakhroom.ru\/drkirbas\/?page_id=69"},"modified":"2014-01-19T22:01:18","modified_gmt":"2014-01-19T22:01:18","slug":"bafra-haber-gazetesi","status":"publish","type":"page","link":"https:\/\/drkirbas.com\/?page_id=69","title":{"rendered":"BAFRA HABER GAZETES\u0130"},"content":{"rendered":"<p><strong>BAFRA HABER GAZETES\u0130<\/strong><\/p>\n<p><a href=\"http:\/\/www.bafrahabergazetesi.com\/kose-yazisi\/173\/dr-selcuk-lokman-salonunda-konferans-vermek.html\">DR. SEL\u00c7UK LOKMAN SALONUNDA KONFERANS VERMEK<\/a><\/p>\n<p><a href=\"http:\/\/www.bafrahabergazetesi.com\/kose-yazisi\/162\/demokratiklesme.html\">Demokratikle\u015fme<\/a><\/p>\n<p><a href=\"http:\/\/www.bafrahabergazetesi.com\/kose-yazisi\/146\/kuvvetler-ayriligi.html\">KUVVETLER AYRILI\u011eI<\/a><\/p>\n<p><a href=\"http:\/\/www.bafrahabergazetesi.com\/kose-yazisi\/134\/cihanda-sulh.html\">\u201cCihanda Sulh\u201d<\/a><\/p>\n<p><a href=\"http:\/\/www.bafrahabergazetesi.com\/kose-yazisi\/115\/khk-nedir.html\">KHK NED\u0130R?<\/a><\/p>\n<p><a href=\"http:\/\/www.bafrahabergazetesi.com\/kose-yazisi\/163\/acilen-demokrasi.html\">AC\u0130LEN DEMOKRAS\u0130<\/a><\/p>\n<p><a href=\"http:\/\/www.bafrahabergazetesi.com\/kose-yazisi\/151\/kurt-meselesi-uzerine.html\">K\u00dcRT MESELES\u0130 \u00dcZER\u0130NE<\/a><\/p>\n<p><a href=\"http:\/\/www.bafrahabergazetesi.com\/kose-yazisi\/143\/yurtta-sulh.html\">YURTTA SULH<\/a><\/p>\n<p><a href=\"http:\/\/www.bafrahabergazetesi.com\/kose-yazisi\/127\/bafra-sempozyumu.html\">BAFRA SEMPOZYUMU <\/a><\/p>\n","protected":false},"excerpt":{"rendered":"<p>BAFRA HABER GAZETES\u0130 DR. SEL\u00c7UK LOKMAN SALONUNDA KONFERANS VERMEK Demokratikle\u015fme KUVVETLER AYRILI\u011eI \u201cCihanda Sulh\u201d KHK NED\u0130R? AC\u0130LEN DEMOKRAS\u0130 K\u00dcRT MESELES\u0130 \u00dcZER\u0130NE YURTTA SULH BAFRA SEMPOZYUMU<\/p>\n","protected":false},"author":1,"featured_media":0,"parent":0,"menu_order":0,"comment_status":"closed","ping_status":"closed","template":"page-templates\/full-width.php","meta":[],"_links":{"self":[{"href":"https:\/\/drkirbas.com\/index.php?rest_route=\/wp\/v2\/pages\/69"}],"collection":[{"href":"https:\/\/drkirbas.com\/index.php?rest_route=\/wp\/v2\/pages"}],"about":[{"href":"https:\/\/drkirbas.com\/index.php?rest_route=\/wp\/v2\/types\/page"}],"author":[{"embeddable":true,"href":"https:\/\/drkirbas.com\/index.php?rest_route=\/wp\/v2\/users\/1"}],"replies":[{"embeddable":true,"href":"https:\/\/drkirbas.com\/index.php?rest_route=%2Fwp%2Fv2%2Fcomments&post=69"}],"version-history":[{"count":1,"href":"https:\/\/drkirbas.com\/index.php?rest_route=\/wp\/v2\/pages\/69\/revisions"}],"predecessor-version":[{"id":95,"href":"https:\/\/drkirbas.com\/index.php?rest_route=\/wp\/v2\/pages\/69\/revisions\/95"}],"wp:attachment":[{"href":"https:\/\/drkirbas.com\/index.php?rest_route=%2Fwp%2Fv2%2Fmedia&parent=69"}],"curies":[{"name":"wp","href":"https:\/\/api.w.org\/{rel}","templated":true}]}}