{"id":97,"date":"2015-02-10T19:40:22","date_gmt":"2015-02-10T19:40:22","guid":{"rendered":"http:\/\/drkirbas.com\/?page_id=97"},"modified":"2015-02-16T03:20:52","modified_gmt":"2015-02-16T03:20:52","slug":"turkiye-noroloji-tarihcesi","status":"publish","type":"page","link":"https:\/\/drkirbas.com\/?page_id=97","title":{"rendered":"T\u00fcrkiye N\u00f6roloji Tarih\u00e7esi"},"content":{"rendered":"<h1 style=\"text-align: center;\"><span style=\"line-height: 1.714285714; font-size: 1rem;\">\u00a0T\u00fcrkiye N\u00f6roloji Tarih\u00e7esi<\/span><\/h1>\n<p style=\"text-align: justify;\">&#8220;T\u00fcrkiye N\u00f6roloji Tarih\u00e7esi&#8221; 5 y\u0131ll\u0131k bir u\u011fra\u015f\u0131n\u0131n \u00fcr\u00fcn\u00fc. 1999 y\u0131l\u0131 35. Ulusal Kongre s\u0131ras\u0131nda, kongre ba\u015fkan\u0131, Sn. Prof. Dr. Egemen Idiman &#8220;T\u00fcrk N\u00f6roloji Tarihi&#8221; diye bir \u00e7al\u0131\u015fma ba\u015flatt\u0131. Kongrenin ilk sunumu da b\u00f6yle bir prezantasyon idi. Daha sonra kendisinin &#8220;ahde vefa&#8221; amac\u0131yla ba\u015flatt\u0131\u011f\u0131n\u0131 s\u00f6yledi\u011fi bu \u00e7al\u0131\u015fma bir \u00e7ok eksiklikler i\u00e7ermekle beraber bir ilk oldu\u011fu i\u00e7in, her zaman sevgiyle an\u0131la\u00accakt\u0131r. O zaman \u015f\u00f6yle d\u00fc\u015f\u00fcnm\u00fc\u015ft\u00fcm. &#8220;Her birey kendi \u00e7al\u0131\u015ft\u0131\u011f\u0131 birimlerin tarihini ortaya koymal\u0131&#8221;. Bu d\u00fc\u015f\u00fcnceden hareketle &#8220;T\u00fcrkiye E\u011fitim Hastanelerinde N\u00f6roloji Tarih\u00e7esi&#8221; isimli kitab\u0131 2000 y\u0131l\u0131ndaki 36. Ulusal Kongre esnas\u0131nda okuyucuya ula\u015ft\u0131rd\u0131k. Kitap \u00e7ok olumlu ele\u015ftiriler ald\u0131. Ni\u00e7in t\u00fcm T\u00fcrkiye de\u011fil, diye ele\u015ftiriler ald\u0131k. Birinci kitaptan alman olumlu ele\u015ftirileri de hesaba katarak b\u00f6yle bir \u00e7al\u0131\u015fmaya giri\u015ftik. T\u00fcrk N\u00f6roloji Deme\u011fi yetkilileri ile de g\u00f6r\u00fc\u015ferek, bu projenin hayata ge\u00e7mesi i\u00e7in g\u00f6n\u00fcll\u00fc olduk. Fakat i\u015f biraz geni\u015fleyince, i\u015fin pek kolay olmad\u0131\u011f\u0131n\u0131 da g\u00f6rd\u00fck. Bazen umutsuzlu\u011fa kap\u0131ld\u0131k. Bir\u00e7ok anabilimdal\u0131ndan \u00e7abuk ve kapsaml\u0131 bilgiler gelirken, baz\u0131 anabilimdal\u0131 \u00f6\u011fretim \u00fcyelerinin, kendi k\u0131sa \u00f6zge\u00e7mi\u015flerini bile g\u00f6ndermekten sak\u0131nd\u0131klar\u0131n\u0131 g\u00f6rd\u00fck. Tahminim odur ki, baz\u0131 arkada\u015flar\u0131m\u0131z \u00e7al\u0131\u015fmay\u0131 k\u00fc\u00e7\u00fcmsediler ve yard\u0131m etmeye tenezz\u00fcl etmediler. Biz yine y\u0131lmad\u0131k. Bir \u00e7o\u011funu taciz d\u00fczeyinde rahats\u0131z ettik. Sonunda elinizdeki bu bilgilere ula\u015ft\u0131k.<br \/>\nBurada belirtmem gereken birka\u00e7 \u00f6nemli nokta var. Birincisi Dr. Faruk Bay\u00fclkem&#8217;in Bak\u0131rk\u00f6y orijinli N\u00f6roloji, Psikiyatri ve N\u00f6ro\u015fir\u00fcrji tarihi \u00e7al\u0131\u015fmalar\u0131. \u00d6nemli bir katk\u0131 diye d\u00fc\u015f\u00fcn\u00fcyor, kendisine bu \u00e7al\u0131\u015fmalar\u0131ndan dolay\u0131 \u015f\u00fckran-lar\u0131m\u0131z\u0131 sunuyoruz. Di\u011fer bir \u00e7al\u0131\u015fma ve te\u015fekk\u00fcr rahmetli hocam\u0131z Prof. Dr. Kenan T\u00fckel&#8217;in \u0130stanbul \u00fcniversitesi T\u0131p Fak\u00fcltesi N\u00f6roloji Mezuniyet Sonras\u0131 kursta verdi\u011fi &#8220;T\u00fcrkiye1 de N\u00f6rolojinin Geli\u015fmesi&#8221; konulu konferans ve bu kon\u00acferans\u0131 mezuniyet sonras\u0131 kitaba basan Prof. Dr. Co\u015fkun \u00d6zdemir&#8217;e. \u00dc\u00e7\u00fcnc\u00fc te\u015fekk\u00fcr Prof. Dr. Perihan Baslo&#8217;ya. Cerrahpa\u015fa N\u00f6roloji alb\u00fcm\u00fc, bir\u00e7ok eski hocam\u0131z\u0131n resmine ve bilgiye ula\u015fmam\u0131za katk\u0131 sa\u011flad\u0131.<br \/>\nBu kitap olu\u015fturulurken \u0130stanbul, \u0130zmir ve Ankara&#8217;da emekli hocalar kentin n\u00f6roloji kliniklerinin direkt\u00f6rlerinin bulu\u015ftu\u011fu yemekli toplant\u0131lar ve bu toplan\u00act\u0131lar esnas\u0131nda emekli hocalar\u0131n profesyonel olarak filme al\u0131nmas\u0131n\u0131, organizasyonu, bu kitab\u0131n bu haliyle \u00f6n\u00fcm\u00fcze gelmesini sa\u011flayan Abdi \u0130brahim \u0130la\u00e7 A. \u015e. Trifarma grubu Gingobil ekibine, (ba\u015fta \u00fcr\u00fcn m\u00fcd\u00fcr\u00fc Elif Ayd\u0131n olmak \u00fczere)ne kadar te\u015fekk\u00fcr etsem azd\u0131r. Onlar y\u00fczy\u0131l\u0131 a\u015fan bir tarihin g\u00fcn y\u00fcz\u00fcne \u00e7\u0131kmas\u0131\u00acna sa\u011flad\u0131klar\u0131 katk\u0131 nedeniyle ne kadar \u00f6v\u00fcnseler azd\u0131r.<br \/>\nKitab\u0131n haz\u0131rlanmas\u0131na profesyonel katk\u0131lar sa\u011flayan Pop\u00fcler Psikiyatri der- gisinin&#8217;nin yarat\u0131c\u0131s\u0131 ve de edit\u00f6r\u00fc olan Uz. Dr. Mustafa G\u00fcveli ve ekibine de te\u015fekk\u00fcr etmeyi bir bor\u00e7 biliyorum.<br \/>\nKitapla ilgili birka\u00e7 noktaya de\u011finmem gerekir.<br \/>\nBirinci b\u00f6l\u00fcmde T\u00fcrk N\u00f6roloji Tarihi ile ilgili genel bilgileri koyduk. Bu b\u00f6l\u00fcmde Cerrahpa\u015fa&#8217;da N\u00f6roloji birka\u00e7 tekrarla ve birka\u00e7 yazar taraf\u0131ndan ele al\u0131nmakla beraber, bu yaz\u0131lar\u0131nda T\u00fcrk N\u00f6roloji tarihinin genelini ilgilendirdi\u011fini d\u00fc\u015f\u00fcnd\u00fck, ikinci b\u00f6l\u00fcmde t\u00fcm \u00fcniversite anabilimdallar\u0131n\u0131n, anabilimdal\u0131ndan g\u00f6nderilen tarih\u00e7elerini ve \u00f6\u011fretim \u00fcyelerinin \u00f6zge\u00e7mi\u015flerini koyduk. Bu bilgi ve belge toplam\u0131 5 y\u0131la yay\u0131ld\u0131\u011f\u0131 i\u00e7in baz\u0131 g\u00fcncelle\u015ftirmeleri yapamad\u0131k. E\u011fitim Hastanelerini olmak \u00fczere ayr\u0131 bir b\u00f6l\u00fcm olarak yeni formada ele ald\u0131k. Klinik e\u011fiticilerinin \u00f6zge\u00e7mi\u015flerini ilave ettik. M\u00fcmk\u00fcn oldu\u011fu kadar g\u00fcncelle\u015ftirdik. \u0130stanbul, Ankara, \u0130zmir gibi illeri bir arada, \u00f6nce devlet, sonra da SSK E\u011fitim Hastanelerini ele ald\u0131k. T\u00fcm bu \u00e7al\u0131\u015fmalar esnas\u0131nda y\u00fczlerce yaz\u0131\u015fma oldu. Mail g\u00f6nderildi. Fax g\u00f6nderildi. Cevaplar al\u0131nd\u0131. Gelen yaz\u0131lar bilgisayarda yaz\u0131ld\u0131. Bu kitab\u0131n olu\u015fmas\u0131nda \u00e7ok b\u00fcy\u00fck bir emek harcand\u0131. Bu eme\u011fi harcayanlardan biri klini\u011fimiz sekreteri Esra \u015eenol Karaselim&#8217;e te\u015fekk\u00fcr etmeyi bir bor\u00e7 biliyorum ve son zamanlarda bu \u00e7al\u0131\u015fmaya katk\u0131 sa\u011flayan Bu\u011fra Da\u011f&#8217;a da te\u015fekk\u00fcr&#8230;<\/p>\n<p style=\"text-align: right;\"><strong>Do\u00e7. Dr. Dursun KIRBA\u015e<\/strong><br \/>\n<em>02.10.2003 G\u00fcm\u00fc\u015fsuyu\/\u0130stanbul<\/em><\/p>\n<p><em><strong>B\u00f6l\u00fcm 1<\/strong><\/em><br \/>\n<strong> T\u00dcRK\u0130YE\u2019DE N\u00d6ROLOJ\u0130N\u0130N GEL\u0130\u015eMES\u0130 \u00a0<\/strong>\u00a0(\u00a0<a href=\"https:\/\/drkirbas.com\/wp-content\/uploads\/2015\/02\/1_Turkiyede_norolojinin_gelismesi.docx\">.DOC<\/a> , <a href=\"https:\/\/drkirbas.com\/wp-content\/uploads\/2015\/02\/1_Turkiyede_norolojinin_gelismesi.pdf\">.PDF<\/a>\u00a0, <a href=\"https:\/\/drkirbas.com\/wp-content\/uploads\/2015\/02\/1_Turkiyede_norolojinin_gelismesi.rar\">.RAR<\/a>\u00a0)<\/p>\n<ul>\n<li>T\u00fcrkiye\u2019de N\u00f6roloji\u2019nin D\u00fcn\u00fc Bug\u00fcn\u00fc<\/li>\n<li>T\u00fcrkiye\u2019de N\u00f6roloji\u2019nin Geli\u015fmesi \/ Prof. Dr. Kenan T\u00dcKEL<\/li>\n<li>Cerrahpa\u015fa N\u00f6roloji Klini\u011fi\u2019nin Tarih\u00e7esi \/ Prof. Dr. Perihan Baslo<\/li>\n<li>Cerrahpa\u015fa\u2019da N\u00f6roloji \/ Prof. Dr. Edip Aktin<\/li>\n<li>Cerrahpa\u015fa\u2019da N\u00f6roloji \/ Prof. Dr. Erdo\u011fan \u00d6zdamar<\/li>\n<li>Ege \u00dcniversitesi T\u0131p Fak\u00fcltesi N\u00f6roloji Klini\u011fi Kurulu\u015f Tarih\u00e7esi \/<\/li>\n<li>Prof. Dr. Bedriye Kot<\/li>\n<li>Hocam\u0131z Say\u0131n Prof. Dr. Bedriye. Kot\u2019u U\u011furlarken<\/li>\n<li>Dr. Erdem Tun\u00e7bay<\/li>\n<li>Merhum Dr. Abd\u00fclkadir Cahit Tuner\u2019in Biyografisi<\/li>\n<li>Dr. Erdem Tun\u00e7bay<\/li>\n<\/ul>\n<p style=\"text-align: right;\">B\u00f6l\u00fcm\u00fc \u0130ndir\u00a0(\u00a0<a href=\"https:\/\/drkirbas.com\/wp-content\/uploads\/2015\/02\/1_Turkiyede_norolojinin_gelismesi.docx\">.DOC<\/a>\u00a0,\u00a0<a href=\"https:\/\/drkirbas.com\/wp-content\/uploads\/2015\/02\/1_Turkiyede_norolojinin_gelismesi.pdf\">.PDF<\/a>\u00a0,\u00a0<a href=\"https:\/\/drkirbas.com\/wp-content\/uploads\/2015\/02\/1_Turkiyede_norolojinin_gelismesi.rar\">.RAR<\/a>\u00a0)<\/p>\n<p><em><strong>B\u00f6l\u00fcm 2<\/strong><\/em><br \/>\n<strong> HOCALARIMIZ<\/strong><\/p>\n<p style=\"text-align: right;\">B\u00f6l\u00fcm\u00fc \u0130ndir ( <a href=\"https:\/\/drkirbas.com\/wp-content\/uploads\/2015\/02\/2_Hocalarimiz.docx\">.DOC<\/a>\u00a0, <a href=\"https:\/\/drkirbas.com\/wp-content\/uploads\/2015\/02\/2_Hocalarimiz.pdf\">.PDF<\/a>\u00a0, <a href=\"https:\/\/drkirbas.com\/wp-content\/uploads\/2015\/02\/2_Hocalarimiz.rar\">.RAR<\/a> )<\/p>\n<p><em><strong>B\u00f6l\u00fcm 3<\/strong><\/em><br \/>\n<strong> \u00dcN\u0130VERS\u0130TELER\u0130M\u0130ZDE N\u00d6ROLOJ\u0130 ANAB\u0130L\u0130M DALLARININ TAR\u0130H\u00c7ELER\u0130 \u00a0<\/strong>(\u00a0<a href=\"https:\/\/drkirbas.com\/wp-content\/uploads\/2015\/02\/3_Universiteliemizde_Noroloji.docx\">.DOC<\/a>\u00a0,\u00a0<a href=\"https:\/\/drkirbas.com\/wp-content\/uploads\/2015\/02\/3_Universiteliemizde_Noroloji.pdf\">.PDF<\/a>\u00a0,\u00a0<a href=\"https:\/\/drkirbas.com\/wp-content\/uploads\/2015\/02\/3_Universiteliemizde_Noroloji.rar\">.RAR<\/a>\u00a0)<\/p>\n<ul>\n<li>\u0130stanbul \u00dcniversitesi Cerrahpa\u015fa T\u0131p Fak\u00fcltesi N\u00f6roloji Tarih\u00e7esi<\/li>\n<li>\u0130stanbul \u00dcniversitesi \u0130stanbul T\u0131p Fak\u00fcltesi<\/li>\n<li>N\u00f6roloji Anabilim Dal\u0131 Tarih\u00e7esi<\/li>\n<li>\u0130stanbul \u00dcniversitesi N\u00f6rolojik Bilimler Enstit\u00fcs\u00fc<\/li>\n<li>Deneysel T\u0131p Merkezi (DETAM)<\/li>\n<li>G\u00fclhane Askeri T\u0131p Fak\u00fcltesi ve Askeri T\u0131p Akademisi N\u00f6roloji Tarih\u00e7esi<\/li>\n<li>GATA Haydarpa\u015fa E\u011fitim Hastanesi<\/li>\n<li>Ankara \u00dcniversitesi T\u0131p Fak\u00fcltesi N\u00f6roloji Anabilim Dal\u0131<\/li>\n<li>Ege \u00dcniversitesi T\u0131p Fak\u00fcltesi N\u00f6roloji Klini\u011fi<\/li>\n<li>(E\u00dcTF-NK) Tarih\u00e7esi<\/li>\n<li>Atat\u00fcrk \u00dcniversitesi N\u00f6roloji Anabilim Dal\u0131 Tarih\u00e7esi<\/li>\n<li>Hacettepe \u00dcniversitesi T\u0131p Fak\u00fcltesi<\/li>\n<li>N\u00f6roloji Anabilim Dal\u0131 Tarih\u00e7esi<\/li>\n<li>Dicle \u00dcniversitesi T\u0131p Fak\u00fcltesi N\u00f6roloji Klini\u011fi Tarih\u00e7esi<\/li>\n<li>Uluda\u011f \u00dcniversitesi T\u0131p Fak\u00fcltesi N\u00f6roloji Anabilim Dal\u0131 Tarih\u00e7esi<\/li>\n<li>Cumhuriyet \u00dcniversitesi T\u0131p Fak\u00fcltesi N\u00f6roloji Klini\u011fi Tarih\u00e7esi<\/li>\n<li>Erciyes \u00dcniversitesi T\u0131p Fak\u00fcltesi N\u00f6roloji Klini\u011fi Tarih\u00e7esi<\/li>\n<li>\u00c7ukurova \u00dcniversitesi T\u0131p Fak\u00fcltesi<\/li>\n<li>N\u00f6roloji Anabilim Dal\u0131 Tarih\u00e7esi<\/li>\n<li>Ondokuzmay\u0131s \u00dcniversitesi T\u0131p Fak\u00fcltesi<\/li>\n<li>N\u00f6roloji Anabilim Dal\u0131 Tarih\u00e7esi<\/li>\n<li>Eski\u015fehir Osmangazi \u00dcniversitesi T\u0131p Fak\u00fcltesi<\/li>\n<li>N\u00f6roloji Anabilim Dal\u0131 Tarih\u00e7esi<\/li>\n<li>Dokuz Eyl\u00fcl \u00dcniversitesi T\u0131p Fak\u00fcltesi<\/li>\n<li>N\u00f6roloji Anabilim Dal\u0131 Tarih\u00e7esi<\/li>\n<li>Akdeniz \u00dcniversitesi T\u0131p Fak\u00fcltesi<\/li>\n<li>N\u00f6roloji Anabilim Dal\u0131 Tarih\u00e7esi<\/li>\n<li>Karadeniz Teknik \u00dcniversitesi (KTU) T\u0131p Fak\u00fcltesi<\/li>\n<li>N\u00f6roloji Anabilim Dal\u0131 Tarih\u00e7esi<\/li>\n<li>Gazi \u00dcniversitesi T\u0131p Fak\u00fcltesi N\u00f6roloji Anabilim Dal\u0131 Tarih\u00e7esi<\/li>\n<li>Sel\u00e7uk \u00dcniversitesi T\u0131p Fak\u00fcltesi N\u00f6roloji Anabilim Dal\u0131 Tarih\u00e7esi<\/li>\n<li>Trakya \u00dcniversitesi T\u0131p Fak\u00fcltesi N\u00f6roloji Klini\u011fi Tarih\u00e7esi<\/li>\n<li>Marmara \u00dcniversitesi T\u0131p Fak\u00fcltesi N\u00f6roloji Anabilim Dal\u0131<\/li>\n<li>Marmara \u00dcniversitesi N\u00f6rolojik Bilimler Enstit\u00fcs\u00fc<\/li>\n<li>F\u0131rat \u00dcniversitesi T\u0131p Fak\u00fcltesi N\u00f6roloji Anabilim Dal\u0131 Tarih\u00e7esi<\/li>\n<li>\u0130n\u00f6n\u00fc \u00dcniversitesi T\u0131p Fak\u00fcltesi N\u00f6roloji Anabilim Dal\u0131 Tarih\u00e7esi<\/li>\n<li>Celal Bayar \u00dcniversitesi T\u0131p Fak\u00fcltesi<\/li>\n<li>N\u00f6roloji Anabilim Dal\u0131\u2019nm Tarih\u00e7esi<\/li>\n<li>Gaziantep \u00dcniversitesi T\u0131p Fak\u00fcltesi N\u00f6roloji Anabilim Dal\u0131<\/li>\n<li>S\u00fcleyman Demirel \u00dcniversitesi T\u0131p Fak\u00fcltesi<\/li>\n<li>N\u00f6roloji Anabilim Dah Tarih\u00e7esi<\/li>\n<li>Ba\u015fkent \u00dcniversitesi N\u00f6roloji Anabilim Dal\u0131 Tarih\u00e7esi<\/li>\n<li>Y\u00fcz\u00fcnc\u00fc Y\u0131l \u00dcniversitesi T\u0131p Fak\u00fcltesi<\/li>\n<li>N\u00f6roloji Anabilim Dal\u0131 Tarih\u00e7esi<\/li>\n<li>Kocaeli \u00dcniversitesi T\u0131p Fak\u00fcltesi<\/li>\n<li>N\u00f6roloji Anabilim Dah Tarih\u00e7esi<\/li>\n<li>Pamukkale \u00dcniversitesi T\u0131p Fak\u00fcltesi<\/li>\n<li>N\u00f6roloji Anabilim Dal\u0131 Tarih\u00e7esi<\/li>\n<li>Adnan Menderes \u00dcniversitesi T\u0131p Fak\u00fcltesi<\/li>\n<li>N\u00f6roloji Anabilim Dal\u0131 Tarih\u00e7esi<\/li>\n<li>Harran \u00dcniversitesi N\u00f6roloji Anabilim Dal\u0131 Tarih\u00e7esi<\/li>\n<li>Mersin \u00dcniversitesi T\u0131p Fak\u00fcltesi N\u00f6roloji Anabilim Dal\u0131 Tarih\u00e7esi.. 361 K\u0131r\u0131kkale \u00dcniversitesi T\u0131p Fak\u00fcltesi<\/li>\n<li>N\u00f6roloji Anabilim Dal\u0131 Tarih\u00e7esi<\/li>\n<li>Zonguldak Karaelmas \u00dcniversitesi T\u0131p Fak\u00fcltesi Tarih\u00e7esi<\/li>\n<li>Abant \u0130zzet Baysal \u00dcniversitesi \u0130zzet Baysal T\u0131p Fak\u00fcltesi<\/li>\n<li>N\u00f6roloji Anabilim Dal\u0131 Tarih\u00e7esi<\/li>\n<li>Abant \u0130zzet Baysal \u00dcniversitesi D\u00fczce T\u0131p Fak\u00fcltesi<\/li>\n<li>N\u00f6roloji Anabilim Dal\u0131<\/li>\n<\/ul>\n<p style=\"text-align: right;\">B\u00f6l\u00fcm\u00fc \u0130ndir ( <a href=\"https:\/\/drkirbas.com\/wp-content\/uploads\/2015\/02\/3_Universiteliemizde_Noroloji.docx\">.DOC<\/a> , <a href=\"https:\/\/drkirbas.com\/wp-content\/uploads\/2015\/02\/3_Universiteliemizde_Noroloji.pdf\">.PDF<\/a>\u00a0, <a href=\"https:\/\/drkirbas.com\/wp-content\/uploads\/2015\/02\/3_Universiteliemizde_Noroloji.rar\">.RAR<\/a>)<\/p>\n<p><em><strong>B\u00f6l\u00fcm 4:<\/strong><\/em><br \/>\n<strong>T\u00dcRK\u0130YE E\u011e\u0130T\u0130M HASTANELER\u0130NDE N\u00d6ROLOJ\u0130 TAR\u0130H\u00c7ES\u0130 \u00a0<\/strong>(\u00a0<a href=\"https:\/\/drkirbas.com\/wp-content\/uploads\/2015\/02\/4_Turkiye_Egitim_Hastanelerinde_Noroloji.docx\">.DOC<\/a>\u00a0,\u00a0<a href=\"https:\/\/drkirbas.com\/wp-content\/uploads\/2015\/02\/4_Turkiye_Egitim_Hastanelerinde_Noroloji.pdf\">.PDF<\/a>\u00a0,\u00a0<a href=\"https:\/\/drkirbas.com\/wp-content\/uploads\/2015\/02\/4_Turkiye_Egitim_Hastanelerinde_Noroloji.rar\">.RAR<\/a>\u00a0)<\/p>\n<ul>\n<li>Bak\u0131rk\u00f6y Ruh ve Sinir Hastal\u0131klar\u0131 E\u011fitim ven Ara\u015ft\u0131rma Hastanesi\u2019nde N\u00f6roloji<\/li>\n<li>Bak\u0131rk\u00f6y Ruh ve Sinir Hastal\u0131klar\u0131 Hastanesi I. N\u00f6roloji Klini\u011fi<\/li>\n<li>Bak\u0131rk\u00f6y Ruh ve Sinir Hastal\u0131klar\u0131 Hastanesi<\/li>\n<li>II. N\u00f6roloji Klini\u011fi (1991- 2000)<\/li>\n<li>Bak\u0131rk\u00f6y Ruh ve Sinir Hastal\u0131klar\u0131 Hastanesi III. N\u00f6roloji Klini\u011fi<\/li>\n<li>Bak\u0131rk\u00f6y Dr. Sadi Konuk E\u011fitim ve Ara\u015ft\u0131rma Hastanesi<\/li>\n<li>\u015ei\u015fli Etfal Hastanesi N\u00f6roloji Klini\u011fi Tarih\u00e7esi<\/li>\n<li>Haydarpa\u015fa Numune Hastanesi N\u00f6roloji Klinikleri Tarih\u00e7esi<\/li>\n<li>Taksim E\u011fitim ve Ara\u015ft\u0131rma Hastanesi<\/li>\n<li>N\u00f6roloji Klini\u011fi K\u0131sa Tarih\u00e7esi<\/li>\n<li>Kartal E\u011fitim ve Ara\u015ft\u0131rma Hastanesi N\u00f6roloji Klini\u011fi Tarih\u00e7esi<\/li>\n<li>SSK \u0130stanbul E\u011fitim Ve Ara\u015ft\u0131rma Hastanesi<\/li>\n<li>SSK Okmeydan\u0131 E\u011fitim Hastanesi N\u00f6roloji Klini\u011fi<\/li>\n<li>SSK G\u00f6ztepe E\u011fitim Hastanesi N\u00f6roloji Klini\u011fi Tarih\u00e7esi<\/li>\n<li>Bezmialem Valide Sultan Vak\u0131f Gureba Hastanesi<\/li>\n<li>N\u00f6roloji Klini\u011fi Tarih\u00e7esi<\/li>\n<li>Posta \u0130\u015fleri Genel M\u00fcd\u00fcrl\u00fc\u011f\u00fc (PTT) E\u011fitim ve Ara\u015ft\u0131rma Hastanesi N\u00f6roloji Klini\u011fi<\/li>\n<li>Ankara Numune Ara\u015ft\u0131rma ve E\u011fitim Hastanesi<\/li>\n<li>N\u00f6roloji Servisi Kurulu\u015f ve Geli\u015fimi<\/li>\n<li>Sa\u011fl\u0131k Bakanl\u0131\u011f\u0131 Ankara Hastanesi N\u00f6roloji Klini\u011fi Tarih\u00e7esi<\/li>\n<li>SSK Ankara E\u011fitim Hastanesi N\u00f6roloji Klini\u011fi<\/li>\n<li>\u0130zmir Atat\u00fcrk E\u011fitim ve Ara\u015ft\u0131rma Hastanesi<\/li>\n<li>N\u00f6roloji Klini\u011fi Tarih\u00e7esi<\/li>\n<li>SSK Tepecik Hastanesi N\u00f6roloji Klini\u011fi Tarih\u00e7esi<\/li>\n<li>SSK \u0130zmir E\u011fitim Hastanesi N\u00f6roloji Klini\u011fi Tarih\u00e7esi<\/li>\n<\/ul>\n<p style=\"text-align: right;\">B\u00f6l\u00fcm\u00fc \u0130ndir ( <a href=\"https:\/\/drkirbas.com\/wp-content\/uploads\/2015\/02\/4_Turkiye_Egitim_Hastanelerinde_Noroloji.docx\">.DOC<\/a> , <a href=\"https:\/\/drkirbas.com\/wp-content\/uploads\/2015\/02\/4_Turkiye_Egitim_Hastanelerinde_Noroloji.pdf\">.PDF<\/a> , <a href=\"https:\/\/drkirbas.com\/wp-content\/uploads\/2015\/02\/4_Turkiye_Egitim_Hastanelerinde_Noroloji.rar\">.RAR<\/a> )<\/p>\n<p><em><strong>B\u00f6l\u00fcm 5<\/strong><\/em><br \/>\n<strong> Alb\u00fcm<\/strong><\/p>\n<p style=\"text-align: right;\">B\u00f6l\u00fcm\u00fc \u0130ndir ( <a href=\"https:\/\/drkirbas.com\/wp-content\/uploads\/2015\/02\/5_Album.docx\">.DOC<\/a> , <a href=\"https:\/\/drkirbas.com\/wp-content\/uploads\/2015\/02\/5_Album.pdf\">.PDF<\/a> , <a href=\"https:\/\/drkirbas.com\/wp-content\/uploads\/2015\/02\/5_Album.rar\">.PDF<\/a>)<\/p>\n<p>&nbsp;<\/p>\n","protected":false},"excerpt":{"rendered":"<p>\u00a0T\u00fcrkiye N\u00f6roloji Tarih\u00e7esi &#8220;T\u00fcrkiye N\u00f6roloji Tarih\u00e7esi&#8221; 5 y\u0131ll\u0131k bir u\u011fra\u015f\u0131n\u0131n \u00fcr\u00fcn\u00fc. 1999 y\u0131l\u0131 35. Ulusal Kongre s\u0131ras\u0131nda, kongre ba\u015fkan\u0131, Sn. Prof. Dr. Egemen Idiman &#8220;T\u00fcrk N\u00f6roloji Tarihi&#8221; diye bir \u00e7al\u0131\u015fma ba\u015flatt\u0131. Kongrenin ilk sunumu da b\u00f6yle bir prezantasyon idi. Daha sonra kendisinin &#8220;ahde vefa&#8221; amac\u0131yla ba\u015flatt\u0131\u011f\u0131n\u0131 s\u00f6yledi\u011fi bu \u00e7al\u0131\u015fma bir \u00e7ok eksiklikler i\u00e7ermekle beraber bir [&hellip;]<\/p>\n","protected":false},"author":1,"featured_media":0,"parent":0,"menu_order":0,"comment_status":"open","ping_status":"closed","template":"page-templates\/full-width.php","meta":[],"_links":{"self":[{"href":"https:\/\/drkirbas.com\/index.php?rest_route=\/wp\/v2\/pages\/97"}],"collection":[{"href":"https:\/\/drkirbas.com\/index.php?rest_route=\/wp\/v2\/pages"}],"about":[{"href":"https:\/\/drkirbas.com\/index.php?rest_route=\/wp\/v2\/types\/page"}],"author":[{"embeddable":true,"href":"https:\/\/drkirbas.com\/index.php?rest_route=\/wp\/v2\/users\/1"}],"replies":[{"embeddable":true,"href":"https:\/\/drkirbas.com\/index.php?rest_route=%2Fwp%2Fv2%2Fcomments&post=97"}],"version-history":[{"count":6,"href":"https:\/\/drkirbas.com\/index.php?rest_route=\/wp\/v2\/pages\/97\/revisions"}],"predecessor-version":[{"id":133,"href":"https:\/\/drkirbas.com\/index.php?rest_route=\/wp\/v2\/pages\/97\/revisions\/133"}],"wp:attachment":[{"href":"https:\/\/drkirbas.com\/index.php?rest_route=%2Fwp%2Fv2%2Fmedia&parent=97"}],"curies":[{"name":"wp","href":"https:\/\/api.w.org\/{rel}","templated":true}]}}